{"id":5876,"date":"2025-08-04T13:39:52","date_gmt":"2025-08-04T13:39:52","guid":{"rendered":"https:\/\/oneclickmetal.com\/das-unternehmen\/"},"modified":"2026-02-27T09:58:45","modified_gmt":"2026-02-27T09:58:45","slug":"das-unternehmen","status":"publish","type":"page","link":"https:\/\/oneclickmetal.com\/de\/das-unternehmen\/","title":{"rendered":"Das Unternehmen"},"content":{"rendered":"\t\t<div data-elementor-type=\"wp-page\" data-elementor-id=\"5876\" class=\"elementor elementor-5876 elementor-2033\" data-elementor-post-type=\"page\">\n\t\t\t\t<div class=\"elementor-element elementor-element-cb5e168 e-flex e-con-boxed e-con e-parent\" data-id=\"cb5e168\" data-element_type=\"container\" data-e-type=\"container\" data-settings=\"{&quot;background_background&quot;:&quot;classic&quot;}\">\n\t\t\t\t\t<div class=\"e-con-inner\">\n\t\t<div class=\"elementor-element elementor-element-880daa0 e-con-full e-flex e-con e-child\" data-id=\"880daa0\" data-element_type=\"container\" data-e-type=\"container\">\n\t\t\t\t<div class=\"elementor-element elementor-element-780b07e elementor-widget elementor-widget-heading\" data-id=\"780b07e\" data-element_type=\"widget\" data-e-type=\"widget\" data-widget_type=\"heading.default\">\n\t\t\t\t<div class=\"elementor-widget-container\">\n\t\t\t\t\t<h1 class=\"elementor-heading-title elementor-size-default\">Das Unternehmen<\/h1>\t\t\t\t<\/div>\n\t\t\t\t<\/div>\n\t\t\t\t<\/div>\n\t\t\t\t\t<\/div>\n\t\t\t\t<\/div>\n\t\t<div class=\"elementor-element elementor-element-8bb8eac e-flex e-con-boxed e-con e-parent\" data-id=\"8bb8eac\" data-element_type=\"container\" data-e-type=\"container\" data-settings=\"{&quot;background_background&quot;:&quot;classic&quot;}\">\n\t\t\t\t\t<div class=\"e-con-inner\">\n\t\t<div class=\"elementor-element elementor-element-6283876 e-con-full e-flex e-con e-child\" data-id=\"6283876\" data-element_type=\"container\" data-e-type=\"container\" data-settings=\"{&quot;background_background&quot;:&quot;classic&quot;}\">\n\t\t\t\t<div class=\"elementor-element elementor-element-3919019 elementor-widget elementor-widget-image\" data-id=\"3919019\" data-element_type=\"widget\" data-e-type=\"widget\" data-widget_type=\"image.default\">\n\t\t\t\t<div class=\"elementor-widget-container\">\n\t\t\t\t\t\t\t\t\t\t\t\t\t\t\t<img fetchpriority=\"high\" decoding=\"async\" width=\"500\" height=\"426\" src=\"https:\/\/oneclickmetal.com\/wp-content\/uploads\/2025\/07\/OCM_Logo_0_RGB_500px.webp\" class=\"attachment-full size-full wp-image-5882\" alt=\"One Click Metal Logo\" srcset=\"https:\/\/oneclickmetal.com\/wp-content\/uploads\/2025\/07\/OCM_Logo_0_RGB_500px.webp 500w, https:\/\/oneclickmetal.com\/wp-content\/uploads\/2025\/07\/OCM_Logo_0_RGB_500px-300x256.webp 300w\" sizes=\"(max-width: 500px) 100vw, 500px\" title=\"Das Unternehmen\">\t\t\t\t\t\t\t\t\t\t\t\t\t\t\t<\/div>\n\t\t\t\t<\/div>\n\t\t\t\t<\/div>\n\t\t<div class=\"elementor-element elementor-element-323e7cf e-con-full e-flex e-con e-child\" data-id=\"323e7cf\" data-element_type=\"container\" data-e-type=\"container\" data-settings=\"{&quot;background_background&quot;:&quot;classic&quot;}\">\n\t\t\t\t<div class=\"elementor-element elementor-element-2b5de42 elementor-widget elementor-widget-heading\" data-id=\"2b5de42\" data-element_type=\"widget\" data-e-type=\"widget\" data-widget_type=\"heading.default\">\n\t\t\t\t<div class=\"elementor-widget-container\">\n\t\t\t\t\t<h2 class=\"elementor-heading-title elementor-size-default\">One Click Metal<\/h2>\t\t\t\t<\/div>\n\t\t\t\t<\/div>\n\t\t\t\t<div class=\"elementor-element elementor-element-2d30066 elementor-widget elementor-widget-text-editor\" data-id=\"2d30066\" data-element_type=\"widget\" data-e-type=\"widget\" data-widget_type=\"text-editor.default\">\n\t\t\t\t<div class=\"elementor-widget-container\">\n\t\t\t\t\t\t\t\t\t<p><span dir=\"ltr\" role=\"presentation\">One Click Metal wurde 2019 gegr\u00fcndet und ist ein industrielles B2B-Unternehmen sowie <\/span><span dir=\"ltr\" role=\"presentation\">eine Tochtergesellschaft der INDEX Werke mit Sitz in Tamm bei Stuttgart.<\/span> <br role=\"presentation\"><span dir=\"ltr\" role=\"presentation\">Wir sind \u00fcberzeugt, dass Technologien verst\u00e4ndlich und f\u00fcr  <\/span><span dir=\"ltr\" role=\"presentation\">jeden nutzbar gemacht werden k\u00f6nnen. Deshalb vereinfachen wir unsere Produktl\u00f6sungen so,   <\/span><span dir=\"ltr\" role=\"presentation\">dass jeder sie erfolgreich einsetzen kann. <\/span><br role=\"presentation\"><span dir=\"ltr\" role=\"presentation\">Mit unserem Metall-3D-Drucksystem bedienen wir in erster Linie kleine und <\/span><span dir=\"ltr\" role=\"presentation\">mittelst\u00e4ndische Unternehmen und sorgen damit daf\u00fcr, dass Metall-3D-Drucktechnologien <\/span><span dir=\"ltr\" role=\"presentation\">f\u00fcr <\/span><span dir=\"ltr\" role=\"presentation\">die <\/span><span dir=\"ltr\" role=\"presentation\">breite <\/span><span dir=\"ltr\" role=\"presentation\">\u00d6ffentlichkeit <\/span><span dir=\"ltr\" role=\"presentation\">zug\u00e4nglich <\/span><span dir=\"ltr\" role=\"presentation\">werden. <\/span><span dir=\"ltr\" role=\"presentation\">Daran <\/span><span dir=\"ltr\" role=\"presentation\">arbeiten <\/span><span dir=\"ltr\" role=\"presentation\">wir <\/span><span dir=\"ltr\" role=\"presentation\">mit einem starken Team und viel Motivation.<\/span><\/p>\t\t\t\t\t\t\t\t<\/div>\n\t\t\t\t<\/div>\n\t\t\t\t<\/div>\n\t\t\t\t\t<\/div>\n\t\t\t\t<\/div>\n\t\t<div class=\"elementor-element elementor-element-a20c7e5 e-flex e-con-boxed e-con e-parent\" data-id=\"a20c7e5\" data-element_type=\"container\" data-e-type=\"container\" data-settings=\"{&quot;background_background&quot;:&quot;classic&quot;}\">\n\t\t\t\t\t<div class=\"e-con-inner\">\n\t\t<div class=\"elementor-element elementor-element-78606aa e-grid e-con-full e-con e-child\" data-id=\"78606aa\" data-element_type=\"container\" data-e-type=\"container\">\n\t\t\t\t<div class=\"elementor-element elementor-element-1944e6e elementor-widget elementor-widget-heading\" data-id=\"1944e6e\" data-element_type=\"widget\" data-e-type=\"widget\" data-widget_type=\"heading.default\">\n\t\t\t\t<div class=\"elementor-widget-container\">\n\t\t\t\t\t<h3 class=\"elementor-heading-title elementor-size-default\">Partner auf unserem Weg<\/h3>\t\t\t\t<\/div>\n\t\t\t\t<\/div>\n\t\t\t\t<div class=\"elementor-element elementor-element-91752bc elementor-widget elementor-widget-image\" data-id=\"91752bc\" data-element_type=\"widget\" data-e-type=\"widget\" data-widget_type=\"image.default\">\n\t\t\t\t<div class=\"elementor-widget-container\">\n\t\t\t\t\t\t\t\t\t\t\t\t\t\t\t<img decoding=\"async\" width=\"1024\" height=\"230\" src=\"https:\/\/oneclickmetal.com\/wp-content\/uploads\/2025\/07\/index-logo-1024x230.webp\" class=\"attachment-large size-large wp-image-5883\" alt=\"INDEX Logo\" srcset=\"https:\/\/oneclickmetal.com\/wp-content\/uploads\/2025\/07\/index-logo-1024x230.webp 1024w, https:\/\/oneclickmetal.com\/wp-content\/uploads\/2025\/07\/index-logo-300x68.webp 300w, https:\/\/oneclickmetal.com\/wp-content\/uploads\/2025\/07\/index-logo-768x173.webp 768w, https:\/\/oneclickmetal.com\/wp-content\/uploads\/2025\/07\/index-logo.webp 1200w\" sizes=\"(max-width: 1024px) 100vw, 1024px\" title=\"Das Unternehmen\">\t\t\t\t\t\t\t\t\t\t\t\t\t\t\t<\/div>\n\t\t\t\t<\/div>\n\t\t\t\t<div class=\"elementor-element elementor-element-052f2ba elementor-widget__width-auto elementor-widget-tablet__width-initial elementor-widget elementor-widget-image\" data-id=\"052f2ba\" data-element_type=\"widget\" data-e-type=\"widget\" data-widget_type=\"image.default\">\n\t\t\t\t<div class=\"elementor-widget-container\">\n\t\t\t\t\t\t\t\t\t\t\t\t\t\t\t<img decoding=\"async\" width=\"1920\" height=\"1280\" src=\"https:\/\/oneclickmetal.com\/wp-content\/uploads\/2025\/10\/Trumpf-Logo-scaled.webp\" class=\"attachment-full size-full wp-image-5880\" alt=\"TRUMPF Logo\" srcset=\"https:\/\/oneclickmetal.com\/wp-content\/uploads\/2025\/10\/Trumpf-Logo-scaled.webp 1920w, https:\/\/oneclickmetal.com\/wp-content\/uploads\/2025\/10\/Trumpf-Logo-300x200.webp 300w, https:\/\/oneclickmetal.com\/wp-content\/uploads\/2025\/10\/Trumpf-Logo-1024x683.webp 1024w, https:\/\/oneclickmetal.com\/wp-content\/uploads\/2025\/10\/Trumpf-Logo-768x512.png 768w, https:\/\/oneclickmetal.com\/wp-content\/uploads\/2025\/10\/Trumpf-Logo-1536x1024.webp 1536w, https:\/\/oneclickmetal.com\/wp-content\/uploads\/2025\/10\/Trumpf-Logo-2048x1365.png 2048w\" sizes=\"(max-width: 1920px) 100vw, 1920px\" title=\"Das Unternehmen\">\t\t\t\t\t\t\t\t\t\t\t\t\t\t\t<\/div>\n\t\t\t\t<\/div>\n\t\t\t\t<div class=\"elementor-element elementor-element-08fbda3 elementor-widget__width-auto elementor-widget-tablet__width-initial elementor-widget elementor-widget-image\" data-id=\"08fbda3\" data-element_type=\"widget\" data-e-type=\"widget\" data-widget_type=\"image.default\">\n\t\t\t\t<div class=\"elementor-widget-container\">\n\t\t\t\t\t\t\t\t\t\t\t\t\t\t\t<img loading=\"lazy\" decoding=\"async\" width=\"1920\" height=\"212\" src=\"https:\/\/oneclickmetal.com\/wp-content\/uploads\/2025\/08\/autodesk-logo.webp\" class=\"attachment-full size-full wp-image-5878\" alt=\"Autodesk Logo\" srcset=\"https:\/\/oneclickmetal.com\/wp-content\/uploads\/2025\/08\/autodesk-logo.webp 1920w, https:\/\/oneclickmetal.com\/wp-content\/uploads\/2025\/08\/autodesk-logo-300x33.webp 300w, https:\/\/oneclickmetal.com\/wp-content\/uploads\/2025\/08\/autodesk-logo-1024x113.webp 1024w, https:\/\/oneclickmetal.com\/wp-content\/uploads\/2025\/08\/autodesk-logo-768x85.webp 768w, https:\/\/oneclickmetal.com\/wp-content\/uploads\/2025\/08\/autodesk-logo-1536x169.webp 1536w, https:\/\/oneclickmetal.com\/wp-content\/uploads\/2025\/08\/autodesk-logo-2048x226.png 2048w\" sizes=\"(max-width: 1920px) 100vw, 1920px\" title=\"Das Unternehmen\">\t\t\t\t\t\t\t\t\t\t\t\t\t\t\t<\/div>\n\t\t\t\t<\/div>\n\t\t\t\t<div class=\"elementor-element elementor-element-5e8d39a elementor-widget elementor-widget-image\" data-id=\"5e8d39a\" data-element_type=\"widget\" data-e-type=\"widget\" data-widget_type=\"image.default\">\n\t\t\t\t<div class=\"elementor-widget-container\">\n\t\t\t\t\t\t\t\t\t\t\t\t\t\t\t<img loading=\"lazy\" decoding=\"async\" width=\"1024\" height=\"381\" src=\"https:\/\/oneclickmetal.com\/wp-content\/uploads\/2025\/08\/materialise-1024x381.png\" class=\"attachment-large size-large wp-image-5879\" alt=\"Materialise\" srcset=\"https:\/\/oneclickmetal.com\/wp-content\/uploads\/2025\/08\/materialise-1024x381.png 1024w, https:\/\/oneclickmetal.com\/wp-content\/uploads\/2025\/08\/materialise-300x112.png 300w, https:\/\/oneclickmetal.com\/wp-content\/uploads\/2025\/08\/materialise-768x286.png 768w, https:\/\/oneclickmetal.com\/wp-content\/uploads\/2025\/08\/materialise-1536x571.png 1536w, https:\/\/oneclickmetal.com\/wp-content\/uploads\/2025\/08\/materialise.webp 1581w\" sizes=\"(max-width: 1024px) 100vw, 1024px\" title=\"Das Unternehmen\">\t\t\t\t\t\t\t\t\t\t\t\t\t\t\t<\/div>\n\t\t\t\t<\/div>\n\t\t\t\t<\/div>\n\t\t\t\t\t<\/div>\n\t\t\t\t<\/div>\n\t\t<div class=\"elementor-element elementor-element-4845fc9 e-flex e-con-boxed e-con e-parent\" data-id=\"4845fc9\" data-element_type=\"container\" data-e-type=\"container\" data-settings=\"{&quot;background_background&quot;:&quot;classic&quot;}\">\n\t\t\t\t\t<div class=\"e-con-inner\">\n\t\t<div class=\"elementor-element elementor-element-bbad592 e-con-full e-flex e-con e-child\" data-id=\"bbad592\" data-element_type=\"container\" data-e-type=\"container\">\n\t\t<div class=\"elementor-element elementor-element-c457343 e-con-full e-flex e-con e-child\" data-id=\"c457343\" data-element_type=\"container\" data-e-type=\"container\">\n\t\t<div class=\"elementor-element elementor-element-5c20208 e-con-full e-flex e-con e-child\" data-id=\"5c20208\" data-element_type=\"container\" data-e-type=\"container\">\n\t\t\t\t<div class=\"elementor-element elementor-element-972afcd elementor-widget elementor-widget-heading\" data-id=\"972afcd\" data-element_type=\"widget\" data-e-type=\"widget\" data-widget_type=\"heading.default\">\n\t\t\t\t<div class=\"elementor-widget-container\">\n\t\t\t\t\t<h2 class=\"elementor-heading-title elementor-size-default\">Unsere Vision<\/h2>\t\t\t\t<\/div>\n\t\t\t\t<\/div>\n\t\t\t\t<div class=\"elementor-element elementor-element-7d4c797 elementor-widget-divider--view-line elementor-widget elementor-widget-divider\" data-id=\"7d4c797\" data-element_type=\"widget\" data-e-type=\"widget\" data-widget_type=\"divider.default\">\n\t\t\t\t<div class=\"elementor-widget-container\">\n\t\t\t\t\t\t\t<div class=\"elementor-divider\">\n\t\t\t<span class=\"elementor-divider-separator\">\n\t\t\t\t\t\t<\/span>\n\t\t<\/div>\n\t\t\t\t\t\t<\/div>\n\t\t\t\t<\/div>\n\t\t\t\t<div class=\"elementor-element elementor-element-1a1398c elementor-widget elementor-widget-heading\" data-id=\"1a1398c\" data-element_type=\"widget\" data-e-type=\"widget\" data-widget_type=\"heading.default\">\n\t\t\t\t<div class=\"elementor-widget-container\">\n\t\t\t\t\t<h3 class=\"elementor-heading-title elementor-size-default\">Metall-AM-Technologie verst\u00e4ndlich und f\u00fcr jeden zug\u00e4nglich.<\/h3>\t\t\t\t<\/div>\n\t\t\t\t<\/div>\n\t\t\t\t<div class=\"elementor-element elementor-element-9688a6d elementor-widget elementor-widget-text-editor\" data-id=\"9688a6d\" data-element_type=\"widget\" data-e-type=\"widget\" data-widget_type=\"text-editor.default\">\n\t\t\t\t<div class=\"elementor-widget-container\">\n\t\t\t\t\t\t\t\t\t<p>Wir sind \u00fcberzeugt, dass additive Fertigung mit Metall nicht zwangsl\u00e4ufig komplex sein oder auf eine kleine Gruppe von Experten beschr\u00e4nkt bleiben muss. Unser Ziel ist es, diese Komplexit\u00e4t zu beseitigen und Metall-AM f\u00fcr jeden verst\u00e4ndlich und zug\u00e4nglich zu machen. <\/p>\t\t\t\t\t\t\t\t<\/div>\n\t\t\t\t<\/div>\n\t\t\t\t<\/div>\n\t\t<div class=\"elementor-element elementor-element-ea1cfab e-con-full e-flex e-con e-child\" data-id=\"ea1cfab\" data-element_type=\"container\" data-e-type=\"container\">\n\t\t\t\t<div class=\"elementor-element elementor-element-a08c7cf elementor-widget elementor-widget-heading\" data-id=\"a08c7cf\" data-element_type=\"widget\" data-e-type=\"widget\" data-widget_type=\"heading.default\">\n\t\t\t\t<div class=\"elementor-widget-container\">\n\t\t\t\t\t<h2 class=\"elementor-heading-title elementor-size-default\">Unsere Mission<\/h2>\t\t\t\t<\/div>\n\t\t\t\t<\/div>\n\t\t\t\t<div class=\"elementor-element elementor-element-af3c564 elementor-widget-divider--view-line elementor-widget elementor-widget-divider\" data-id=\"af3c564\" data-element_type=\"widget\" data-e-type=\"widget\" data-widget_type=\"divider.default\">\n\t\t\t\t<div class=\"elementor-widget-container\">\n\t\t\t\t\t\t\t<div class=\"elementor-divider\">\n\t\t\t<span class=\"elementor-divider-separator\">\n\t\t\t\t\t\t<\/span>\n\t\t<\/div>\n\t\t\t\t\t\t<\/div>\n\t\t\t\t<\/div>\n\t\t\t\t<div class=\"elementor-element elementor-element-337b47f elementor-widget elementor-widget-heading\" data-id=\"337b47f\" data-element_type=\"widget\" data-e-type=\"widget\" data-widget_type=\"heading.default\">\n\t\t\t\t<div class=\"elementor-widget-container\">\n\t\t\t\t\t<h3 class=\"elementor-heading-title elementor-size-default\">Unsere L\u00f6sungen vereinfachen die Nutzung der Metall-AM-Technologie, sodass jeder sie verstehen und erfolgreich einsetzen kann - empowering great minds.<\/h3>\t\t\t\t<\/div>\n\t\t\t\t<\/div>\n\t\t\t\t<div class=\"elementor-element elementor-element-25f2ed1 elementor-widget elementor-widget-text-editor\" data-id=\"25f2ed1\" data-element_type=\"widget\" data-e-type=\"widget\" data-widget_type=\"text-editor.default\">\n\t\t\t\t<div class=\"elementor-widget-container\">\n\t\t\t\t\t\t\t\t\t<p data-start=\"249\" data-end=\"348\">Bei der Produktentwicklung gilt f\u00fcr uns ein einfacher Grundsatz: leistungsstarke L\u00f6sungen unkompliziert gestalten.<\/p><p data-start=\"350\" data-end=\"600\">Wir sind \u00fcberzeugt, dass echte Innovation dann entsteht, wenn Technologie f\u00fcr jeden zug\u00e4nglich ist &#8211; unabh\u00e4ngig von Hintergrund oder technischer Expertise. Deshalb konzentrieren wir uns darauf, Produkte zu entwickeln, die intuitiv und einfach zu bedienen sind und unn\u00f6tige Komplexit\u00e4t vermeiden. <\/p><p data-start=\"602\" data-end=\"811\">Unser Ziel ist es, dass sich Anwender bei der Arbeit mit Metall-3D-Druck sicher f\u00fchlen &#8211; und nicht davon \u00fcberfordert werden.<\/p>\t\t\t\t\t\t\t\t<\/div>\n\t\t\t\t<\/div>\n\t\t\t\t<\/div>\n\t\t\t\t<\/div>\n\t\t\t\t<\/div>\n\t\t\t\t\t<\/div>\n\t\t\t\t<\/div>\n\t\t<div class=\"elementor-element elementor-element-78ad51a e-flex e-con-boxed e-con e-parent\" data-id=\"78ad51a\" data-element_type=\"container\" data-e-type=\"container\">\n\t\t\t\t\t<div class=\"e-con-inner\">\n\t\t\t\t<div class=\"elementor-element elementor-element-b1505e0 elementor-widget elementor-widget-text-editor\" data-id=\"b1505e0\" data-element_type=\"widget\" data-e-type=\"widget\" data-widget_type=\"text-editor.default\">\n\t\t\t\t<div class=\"elementor-widget-container\">\n\t\t\t\t\t\t\t\t\t<p>Interessiert an einer Karriere bei One Click Metal? Sende uns deine Bewerbung bitte an application@oneclickmetal.com <\/p>\t\t\t\t\t\t\t\t<\/div>\n\t\t\t\t<\/div>\n\t\t\t\t\t<\/div>\n\t\t\t\t<\/div>\n\t\t\t\t<\/div>\n\t\t","protected":false},"excerpt":{"rendered":"<p>Das Unternehmen One Click Metal One Click Metal wurde 2019 gegr\u00fcndet und ist ein industrielles B2B-Unternehmen sowie eine Tochtergesellschaft der INDEX Werke mit Sitz in Tamm bei Stuttgart. Wir sind \u00fcberzeugt, dass Technologien verst\u00e4ndlich und f\u00fcr jeden nutzbar gemacht werden k\u00f6nnen. Deshalb vereinfachen wir unsere Produktl\u00f6sungen so, dass jeder sie erfolgreich einsetzen kann. Mit unserem [&hellip;]<\/p>\n","protected":false},"author":2,"featured_media":0,"parent":0,"menu_order":0,"comment_status":"closed","ping_status":"closed","template":"","meta":{"site-sidebar-layout":"no-sidebar","site-content-layout":"page-builder","ast-site-content-layout":"full-width-container","site-content-style":"default","site-sidebar-style":"default","ast-global-header-display":"","ast-banner-title-visibility":"","ast-main-header-display":"","ast-hfb-above-header-display":"","ast-hfb-below-header-display":"","ast-hfb-mobile-header-display":"","site-post-title":"disabled","ast-breadcrumbs-content":"","ast-featured-img":"disabled","footer-sml-layout":"","theme-transparent-header-meta":"","adv-header-id-meta":"","stick-header-meta":"","header-above-stick-meta":"","header-main-stick-meta":"","header-below-stick-meta":"","astra-migrate-meta-layouts":"default","ast-page-background-enabled":"default","ast-page-background-meta":{"desktop":{"background-color":"","background-image":"","background-repeat":"repeat","background-position":"center center","background-size":"auto","background-attachment":"scroll","background-type":"","background-media":"","overlay-type":"","overlay-color":"","overlay-opacity":"","overlay-gradient":""},"tablet":{"background-color":"","background-image":"","background-repeat":"repeat","background-position":"center center","background-size":"auto","background-attachment":"scroll","background-type":"","background-media":"","overlay-type":"","overlay-color":"","overlay-opacity":"","overlay-gradient":""},"mobile":{"background-color":"","background-image":"","background-repeat":"repeat","background-position":"center center","background-size":"auto","background-attachment":"scroll","background-type":"","background-media":"","overlay-type":"","overlay-color":"","overlay-opacity":"","overlay-gradient":""}},"ast-content-background-meta":{"desktop":{"background-color":"var(--ast-global-color-5)","background-image":"","background-repeat":"repeat","background-position":"center center","background-size":"auto","background-attachment":"scroll","background-type":"","background-media":"","overlay-type":"","overlay-color":"","overlay-opacity":"","overlay-gradient":""},"tablet":{"background-color":"var(--ast-global-color-5)","background-image":"","background-repeat":"repeat","background-position":"center center","background-size":"auto","background-attachment":"scroll","background-type":"","background-media":"","overlay-type":"","overlay-color":"","overlay-opacity":"","overlay-gradient":""},"mobile":{"background-color":"var(--ast-global-color-5)","background-image":"","background-repeat":"repeat","background-position":"center center","background-size":"auto","background-attachment":"scroll","background-type":"","background-media":"","overlay-type":"","overlay-color":"","overlay-opacity":"","overlay-gradient":""}},"footnotes":""},"class_list":["post-5876","page","type-page","status-publish","hentry"],"_links":{"self":[{"href":"https:\/\/oneclickmetal.com\/de\/wp-json\/wp\/v2\/pages\/5876","targetHints":{"allow":["GET"]}}],"collection":[{"href":"https:\/\/oneclickmetal.com\/de\/wp-json\/wp\/v2\/pages"}],"about":[{"href":"https:\/\/oneclickmetal.com\/de\/wp-json\/wp\/v2\/types\/page"}],"author":[{"embeddable":true,"href":"https:\/\/oneclickmetal.com\/de\/wp-json\/wp\/v2\/users\/2"}],"replies":[{"embeddable":true,"href":"https:\/\/oneclickmetal.com\/de\/wp-json\/wp\/v2\/comments?post=5876"}],"version-history":[{"count":4,"href":"https:\/\/oneclickmetal.com\/de\/wp-json\/wp\/v2\/pages\/5876\/revisions"}],"predecessor-version":[{"id":5887,"href":"https:\/\/oneclickmetal.com\/de\/wp-json\/wp\/v2\/pages\/5876\/revisions\/5887"}],"wp:attachment":[{"href":"https:\/\/oneclickmetal.com\/de\/wp-json\/wp\/v2\/media?parent=5876"}],"curies":[{"name":"wp","href":"https:\/\/api.w.org\/{rel}","templated":true}]}}