{"id":6167,"date":"2025-08-14T16:56:38","date_gmt":"2025-08-14T16:56:38","guid":{"rendered":"https:\/\/oneclickmetal.com\/urheberrecht\/"},"modified":"2026-02-27T14:48:40","modified_gmt":"2026-02-27T14:48:40","slug":"urheberrecht","status":"publish","type":"page","link":"https:\/\/oneclickmetal.com\/de\/urheberrecht\/","title":{"rendered":"Urheberrecht"},"content":{"rendered":"\t\t<div data-elementor-type=\"wp-page\" data-elementor-id=\"6167\" class=\"elementor elementor-6167 elementor-2234\" data-elementor-post-type=\"page\">\n\t\t\t\t<div class=\"elementor-element elementor-element-7139ed5 e-flex e-con-boxed e-con e-parent\" data-id=\"7139ed5\" data-element_type=\"container\" data-e-type=\"container\">\n\t\t\t\t\t<div class=\"e-con-inner\">\n\t\t\t\t\t<\/div>\n\t\t\t\t<\/div>\n\t\t<div class=\"elementor-element elementor-element-4fe451c e-flex e-con-boxed e-con e-parent\" data-id=\"4fe451c\" data-element_type=\"container\" data-e-type=\"container\">\n\t\t\t\t\t<div class=\"e-con-inner\">\n\t\t\t\t<div class=\"elementor-element elementor-element-ef6900b elementor-widget elementor-widget-heading\" data-id=\"ef6900b\" data-element_type=\"widget\" data-e-type=\"widget\" data-widget_type=\"heading.default\">\n\t\t\t\t<div class=\"elementor-widget-container\">\n\t\t\t\t\t<h1 class=\"elementor-heading-title elementor-size-default\">Urheberrecht und Markenzeichen<\/h1>\t\t\t\t<\/div>\n\t\t\t\t<\/div>\n\t\t\t\t<div class=\"elementor-element elementor-element-ccefae6 elementor-widget elementor-widget-text-editor\" data-id=\"ccefae6\" data-element_type=\"widget\" data-e-type=\"widget\" data-widget_type=\"text-editor.default\">\n\t\t\t\t<div class=\"elementor-widget-container\">\n\t\t\t\t\t\t\t\t\t<p> <\/p><p><strong><span style=\"font-size: 16px;\">Mediale Inhalte dieser Website<\/span><\/strong><\/p><div class=\"elementor-element elementor-element-0819bb3 elementor-widget elementor-widget-text-editor\" data-id=\"0819bb3\" data-element_type=\"widget\" data-widget_type=\"text-editor.default\"><div class=\"elementor-widget-container\">Alle Texte, Bilder, Grafiken, Animationen, Videos, Kl\u00e4nge und sonstigen Inhalte auf dieser Website sowie deren Anordnung sind durch das Urheberrecht und andere Schutzgesetze gesch\u00fctzt. Eine Vervielf\u00e4ltigung, \u00c4nderung oder Verwendung der genannten Inhalte in anderen elektronischen oder gedruckten Publikationen ist ohne vorherige Zustimmung der One Click Metal GmbH nicht gestattet. <\/div><\/div><div> <\/div><div class=\"elementor-element elementor-element-2d0d498 elementor-widget elementor-widget-heading\" data-id=\"2d0d498\" data-element_type=\"widget\" data-widget_type=\"heading.default\"><div class=\"elementor-widget-container\"><strong><span style=\"font-size: 16px;\">Patente und Marken<\/span><\/strong><\/div><div> <\/div><\/div><div class=\"elementor-element elementor-element-a94ca3c elementor-widget elementor-widget-text-editor\" data-id=\"a94ca3c\" data-element_type=\"widget\" data-widget_type=\"text-editor.default\"><div class=\"elementor-widget-container\">Sofern nicht anders angegeben, sind die auf dieser Website dargestellten Patente, Marken und urheberrechtlich gesch\u00fctzten Werke das geistige Eigentum der One Click Metal GmbH. Dies gilt insbesondere f\u00fcr Marken, Logos, Embleme und Typenschilder von One Click Metal. <\/div><\/div>\t\t\t\t\t\t\t\t<\/div>\n\t\t\t\t<\/div>\n\t\t\t\t\t<\/div>\n\t\t\t\t<\/div>\n\t\t\t\t<\/div>\n\t\t","protected":false},"excerpt":{"rendered":"<p>Urheberrecht und Markenzeichen Mediale Inhalte dieser Website Alle Texte, Bilder, Grafiken, Animationen, Videos, Kl\u00e4nge und sonstigen Inhalte auf dieser Website sowie deren Anordnung sind durch das Urheberrecht und andere Schutzgesetze gesch\u00fctzt. Eine Vervielf\u00e4ltigung, \u00c4nderung oder Verwendung der genannten Inhalte in anderen elektronischen oder gedruckten Publikationen ist ohne vorherige Zustimmung der One Click Metal GmbH nicht [&hellip;]<\/p>\n","protected":false},"author":2,"featured_media":0,"parent":0,"menu_order":0,"comment_status":"closed","ping_status":"closed","template":"","meta":{"site-sidebar-layout":"no-sidebar","site-content-layout":"page-builder","ast-site-content-layout":"full-width-container","site-content-style":"default","site-sidebar-style":"default","ast-global-header-display":"","ast-banner-title-visibility":"","ast-main-header-display":"","ast-hfb-above-header-display":"","ast-hfb-below-header-display":"","ast-hfb-mobile-header-display":"","site-post-title":"disabled","ast-breadcrumbs-content":"","ast-featured-img":"disabled","footer-sml-layout":"","theme-transparent-header-meta":"","adv-header-id-meta":"","stick-header-meta":"","header-above-stick-meta":"","header-main-stick-meta":"","header-below-stick-meta":"","astra-migrate-meta-layouts":"default","ast-page-background-enabled":"default","ast-page-background-meta":{"desktop":{"background-color":"","background-image":"","background-repeat":"repeat","background-position":"center center","background-size":"auto","background-attachment":"scroll","background-type":"","background-media":"","overlay-type":"","overlay-color":"","overlay-opacity":"","overlay-gradient":""},"tablet":{"background-color":"","background-image":"","background-repeat":"repeat","background-position":"center center","background-size":"auto","background-attachment":"scroll","background-type":"","background-media":"","overlay-type":"","overlay-color":"","overlay-opacity":"","overlay-gradient":""},"mobile":{"background-color":"","background-image":"","background-repeat":"repeat","background-position":"center center","background-size":"auto","background-attachment":"scroll","background-type":"","background-media":"","overlay-type":"","overlay-color":"","overlay-opacity":"","overlay-gradient":""}},"ast-content-background-meta":{"desktop":{"background-color":"var(--ast-global-color-5)","background-image":"","background-repeat":"repeat","background-position":"center center","background-size":"auto","background-attachment":"scroll","background-type":"","background-media":"","overlay-type":"","overlay-color":"","overlay-opacity":"","overlay-gradient":""},"tablet":{"background-color":"var(--ast-global-color-5)","background-image":"","background-repeat":"repeat","background-position":"center center","background-size":"auto","background-attachment":"scroll","background-type":"","background-media":"","overlay-type":"","overlay-color":"","overlay-opacity":"","overlay-gradient":""},"mobile":{"background-color":"var(--ast-global-color-5)","background-image":"","background-repeat":"repeat","background-position":"center center","background-size":"auto","background-attachment":"scroll","background-type":"","background-media":"","overlay-type":"","overlay-color":"","overlay-opacity":"","overlay-gradient":""}},"footnotes":""},"class_list":["post-6167","page","type-page","status-publish","hentry"],"_links":{"self":[{"href":"https:\/\/oneclickmetal.com\/de\/wp-json\/wp\/v2\/pages\/6167","targetHints":{"allow":["GET"]}}],"collection":[{"href":"https:\/\/oneclickmetal.com\/de\/wp-json\/wp\/v2\/pages"}],"about":[{"href":"https:\/\/oneclickmetal.com\/de\/wp-json\/wp\/v2\/types\/page"}],"author":[{"embeddable":true,"href":"https:\/\/oneclickmetal.com\/de\/wp-json\/wp\/v2\/users\/2"}],"replies":[{"embeddable":true,"href":"https:\/\/oneclickmetal.com\/de\/wp-json\/wp\/v2\/comments?post=6167"}],"version-history":[{"count":2,"href":"https:\/\/oneclickmetal.com\/de\/wp-json\/wp\/v2\/pages\/6167\/revisions"}],"predecessor-version":[{"id":6169,"href":"https:\/\/oneclickmetal.com\/de\/wp-json\/wp\/v2\/pages\/6167\/revisions\/6169"}],"wp:attachment":[{"href":"https:\/\/oneclickmetal.com\/de\/wp-json\/wp\/v2\/media?parent=6167"}],"curies":[{"name":"wp","href":"https:\/\/api.w.org\/{rel}","templated":true}]}}