{"id":6184,"date":"2025-09-25T12:51:02","date_gmt":"2025-09-25T12:51:02","guid":{"rendered":"https:\/\/oneclickmetal.com\/datenschutz\/"},"modified":"2026-02-27T14:54:21","modified_gmt":"2026-02-27T14:54:21","slug":"datenschutz","status":"publish","type":"page","link":"https:\/\/oneclickmetal.com\/de\/datenschutz\/","title":{"rendered":"Datenschutz"},"content":{"rendered":"\t\t<div data-elementor-type=\"wp-page\" data-elementor-id=\"6184\" class=\"elementor elementor-6184 elementor-3211\" data-elementor-post-type=\"page\">\n\t\t\t\t<div class=\"elementor-element elementor-element-6427b22 e-flex e-con-boxed e-con e-parent\" data-id=\"6427b22\" data-element_type=\"container\" data-e-type=\"container\">\n\t\t\t\t\t<div class=\"e-con-inner\">\n\t\t\t\t<div class=\"elementor-element elementor-element-bb1aa48 elementor-widget elementor-widget-text-editor\" data-id=\"bb1aa48\" data-element_type=\"widget\" data-e-type=\"widget\" data-widget_type=\"text-editor.default\">\n\t\t\t\t<div class=\"elementor-widget-container\">\n\t\t\t\t\t\t\t\t\t<h1 data-start=\"158\" data-end=\"179\"><span style=\"font-size: 33px;\">Datenschutzerkl\u00e4rung<\/span> <\/h1><p data-start=\"181\" data-end=\"219\"><strong data-start=\"181\" data-end=\"217\">Zuletzt aktualisiert: 25. September 2025<\/strong><\/p><p data-start=\"221\" data-end=\"593\">Wir von <strong data-start=\"227\" data-end=\"251\">One Click Metal GmbH<\/strong>, Carl-Benz-Str. 2, 71732 Tamm, Deutschland (nachfolgend \u201ewir\u201c, \u201euns\u201c, \u201eunser\u201c), respektieren Ihre Privatsph\u00e4re und verpflichten uns, Ihre personenbezogenen Daten zu sch\u00fctzen. Diese Datenschutzerkl\u00e4rung erl\u00e4utert, welche personenbezogenen Daten wir erheben, wie wir sie verwenden und welche Rechte Sie nach der Datenschutz-Grundverordnung (DSGVO) und den anwendbaren Datenschutzgesetzen haben.  <\/p><p data-start=\"221\" data-end=\"593\"> <\/p><hr data-start=\"770\" data-end=\"773\"><h2 data-start=\"775\" data-end=\"805\"><span style=\"font-size: 20px;\">1. Personenbezogene Daten, die wir verarbeiten<\/span><\/h2><p data-start=\"806\" data-end=\"877\">Wir k\u00f6nnen die folgenden Kategorien personenbezogener Daten erheben und verarbeiten:<\/p><ul data-start=\"879\" data-end=\"1639\"><li data-start=\"879\" data-end=\"970\"><p data-start=\"881\" data-end=\"970\">Kontaktformulardaten: Name, E-Mail-Adresse, Telefonnummer, Unternehmen und Inhalt der Nachricht.<\/p><\/li><li data-start=\"971\" data-end=\"1190\"><p data-start=\"973\" data-end=\"1190\">Kundenkonto &amp; Bestellungen (WooCommerce): Rechnungs- und Lieferdaten, Bestellhistorie und Zahlungsinformationen (Zahlungen werden von externen Zahlungsdienstleistern verarbeitet; wir speichern Ihre Zahlungsdaten nicht).<\/p><\/li><li data-start=\"1191\" data-end=\"1345\"><p data-start=\"1193\" data-end=\"1345\">Website-Nutzungsdaten (Analytics): IP-Adresse (soweit m\u00f6glich anonymisiert), Ger\u00e4tetyp, Browser und besuchte Seiten (\u00fcber Google Analytics und Matomo).<\/p><\/li><li data-start=\"1346\" data-end=\"1471\"><p data-start=\"1348\" data-end=\"1471\">Cookies und Tracking-Technologien: Details finden Sie in unserer <a class=\"decorated-link cursor-pointer\" target=\"_new\" rel=\"noopener\" data-start=\"1395\" data-end=\"1456\">Cookie-Richtlinie<\/a>.<\/p><\/li><li data-start=\"1472\" data-end=\"1639\"><p data-start=\"1474\" data-end=\"1639\">Social-Media-Einbindungen: Wenn Sie mit LinkedIn- oder Instagram-Inhalten auf unserer Website interagieren, k\u00f6nnen diese Dienste personenbezogene Daten gem\u00e4\u00df ihren eigenen Richtlinien erheben.<\/p><\/li><\/ul><hr data-start=\"1641\" data-end=\"1644\"><h2 data-start=\"1646\" data-end=\"1690\"><span style=\"font-size: 20px;\">2. Zwecke und Rechtsgrundlagen der Verarbeitung<\/span><\/h2><p data-start=\"1691\" data-end=\"1796\">Wir verarbeiten personenbezogene Daten zu den folgenden Zwecken und auf den folgenden Rechtsgrundlagen gem\u00e4\u00df Art. 6 DSGVO:<\/p><ul data-start=\"1798\" data-end=\"2331\"><li data-start=\"1798\" data-end=\"1941\"><p data-start=\"1800\" data-end=\"1941\">Zur Erbringung unserer Leistungen und zur Erf\u00fcllung von Vertr\u00e4gen (Art. 6 Abs. 1 lit. b DSGVO)<br data-start=\"1869\" data-end=\"1872\">\u2013 z. B. zur Abwicklung von Bestellungen, zur Bearbeitung von Anfragen, zur Verwaltung von Konten. <\/p><\/li><li data-start=\"1942\" data-end=\"2063\"><p data-start=\"1944\" data-end=\"2063\">Mit Ihrer Einwilligung (Art. 6 Abs. 1 lit. a DSGVO)<br data-start=\"1985\" data-end=\"1988\">\u2013 z. B. zum Setzen nicht notwendiger Cookies, Tracking zu Marketingzwecken. <\/p><\/li><li data-start=\"2064\" data-end=\"2208\"><p data-start=\"2066\" data-end=\"2208\">Auf Grundlage unserer berechtigten Interessen (Art. 6 Abs. 1 lit. f DSGVO)<br data-start=\"2118\" data-end=\"2121\">\u2013 z. B. zur Verbesserung unserer Website, zur Gew\u00e4hrleistung der IT-Sicherheit, zur Analyse der Website-Performance. <\/p><\/li><li data-start=\"2209\" data-end=\"2331\"><p data-start=\"2211\" data-end=\"2331\">Zur Erf\u00fcllung rechtlicher Verpflichtungen (Art. 6 Abs. 1 lit. c DSGVO)<br data-start=\"2267\" data-end=\"2270\">\u2013 z. B. zur Aufbewahrung von Rechnungen und steuerrelevanten Unterlagen. <\/p><\/li><\/ul><hr data-start=\"2333\" data-end=\"2336\"><h2 data-start=\"2338\" data-end=\"2358\"><span style=\"font-size: 20px;\">3. Speicherdauer<\/span><\/h2><p data-start=\"2359\" data-end=\"2437\">Wir speichern personenbezogene Daten nur so lange, wie es f\u00fcr die genannten Zwecke erforderlich ist:<\/p><ul data-start=\"2439\" data-end=\"2753\"><li data-start=\"2439\" data-end=\"2538\"><p data-start=\"2441\" data-end=\"2538\">Bestellungen und Rechnungen \u2192 Aufbewahrung f\u00fcr 6\u201310 Jahre gem\u00e4\u00df deutschem Handels- und Steuerrecht.<\/p><\/li><li data-start=\"2539\" data-end=\"2643\"><p data-start=\"2541\" data-end=\"2643\">Kontaktanfragen \u2192 L\u00f6schung nach Abschluss der Bearbeitung, sofern keine l\u00e4ngere Aufbewahrung aus rechtlichen Gr\u00fcnden erforderlich ist.<\/p><\/li><li data-start=\"2644\" data-end=\"2753\"><p data-start=\"2646\" data-end=\"2753\">Analytics-Daten \u2192 soweit m\u00f6glich anonymisiert; die Speicherdauer h\u00e4ngt von den Einstellungen in Google Analytics und Matomo ab.<\/p><\/li><\/ul><hr data-start=\"2755\" data-end=\"2758\"><h2 data-start=\"2760\" data-end=\"2781\"><span style=\"font-size: 20px;\">4. Weitergabe von Daten<\/span><\/h2><p data-start=\"2782\" data-end=\"2821\">Wir k\u00f6nnen Ihre personenbezogenen Daten weitergeben an:<\/p><ul data-start=\"2823\" data-end=\"3054\"><li data-start=\"2823\" data-end=\"2907\"><p data-start=\"2825\" data-end=\"2907\">Dienstleister (z. B. IT-Hosting, Website-Dienstleister, Zahlungsabwickler).<\/p><\/li><li data-start=\"2908\" data-end=\"2963\"><p data-start=\"2910\" data-end=\"2963\">Analyseanbieter (Google Analytics, Matomo).<\/p><\/li><li data-start=\"2964\" data-end=\"3054\"><p data-start=\"2966\" data-end=\"3054\">Soziale Netzwerke (LinkedIn, Instagram), wenn Sie mit eingebetteten Inhalten interagieren.<\/p><\/li><\/ul><p data-start=\"3056\" data-end=\"3270\">Einige dieser Empf\u00e4nger k\u00f6nnen au\u00dferhalb der EU\/des EWR ans\u00e4ssig sein (z. B. Google, LinkedIn, Instagram \u2192 USA). In solchen F\u00e4llen stellen wir angemessene Garantien gem\u00e4\u00df Art. 44 ff. DSGVO sicher (z. B. EU-Standardvertragsklauseln).  <\/p><hr data-start=\"3272\" data-end=\"3275\"><h2 data-start=\"3277\" data-end=\"3296\"><span style=\"font-size: 20px;\">5. Dat<\/span><span style=\"font-size: 20px;\">ensicherheit<\/span><\/h2><p data-start=\"3297\" data-end=\"3567\">Wir setzen geeignete technische und organisatorische Ma\u00dfnahmen ein, um personenbezogene Daten vor Verlust, Missbrauch, unbefugtem Zugriff, Offenlegung, Ver\u00e4nderung oder Zerst\u00f6rung zu sch\u00fctzen. Dazu geh\u00f6ren Verschl\u00fcsselung (SSL\/TLS), sichere Serverumgebungen und ein eingeschr\u00e4nkter Zugriff auf personenbezogene Daten. <\/p><hr data-start=\"3569\" data-end=\"3572\"><h2 data-start=\"3574\" data-end=\"3591\"><span style=\"font-size: 20px;\">6. Ihre Rechte<\/span><\/h2><p data-start=\"3592\" data-end=\"3671\">Nach der DSGVO haben Sie in Bezug auf Ihre personenbezogenen Daten folgende Rechte:<\/p><ul data-start=\"3673\" data-end=\"4221\"><li data-start=\"3673\" data-end=\"3741\"><p data-start=\"3675\" data-end=\"3741\">Recht auf Auskunft (Art. 15 DSGVO) \u2013 Erhalt einer Kopie Ihrer Daten.<\/p><\/li><li data-start=\"3742\" data-end=\"3828\"><p data-start=\"3744\" data-end=\"3828\">Recht auf Berichtigung (Art. 16 DSGVO) \u2013 Berichtigung unrichtiger oder unvollst\u00e4ndiger Daten.<\/p><\/li><li data-start=\"3829\" data-end=\"3895\"><p data-start=\"3831\" data-end=\"3895\">Recht auf L\u00f6schung (\u201eRecht auf Vergessenwerden\u201c) (Art. 17 DSGVO).<\/p><\/li><li data-start=\"3896\" data-end=\"3954\"><p data-start=\"3898\" data-end=\"3954\">Recht auf Einschr\u00e4nkung der Verarbeitung (Art. 18 DSGVO).<\/p><\/li><li data-start=\"3955\" data-end=\"4004\"><p data-start=\"3957\" data-end=\"4004\">Recht auf Daten\u00fcbertragbarkeit (Art. 20 DSGVO).<\/p><\/li><li data-start=\"4005\" data-end=\"4128\"><p data-start=\"4007\" data-end=\"4128\">Widerspruchsrecht (Art. 21 DSGVO) \u2013 insbesondere gegen eine Verarbeitung auf Grundlage berechtigter Interessen oder f\u00fcr Direktwerbung.<\/p><\/li><li data-start=\"4129\" data-end=\"4221\"><p data-start=\"4131\" data-end=\"4221\">Recht auf Widerruf der Einwilligung (Art. 7 Abs. 3 DSGVO) \u2013 jederzeit mit Wirkung f\u00fcr die Zukunft. <\/p><\/li><\/ul><p data-start=\"4223\" data-end=\"4299\">Zur Aus\u00fcbung dieser Rechte kontaktieren Sie uns bitte unter <a class=\"decorated-link cursor-pointer\" rel=\"noopener\" data-start=\"4272\" data-end=\"4294\">info@oneclickmetal.com<\/a>.<\/p><p data-start=\"4301\" data-end=\"4495\">Sie haben au\u00dferdem das Recht, bei einer Aufsichtsbeh\u00f6rde Beschwerde einzulegen, insbesondere bei:<br data-start=\"4390\" data-end=\"4393\">Landesbeauftragter f\u00fcr den Datenschutz und die Informationsfreiheit Baden-W\u00fcrttemberg (LfDI BW).<\/p><hr data-start=\"4497\" data-end=\"4500\"><h2 data-start=\"4502\" data-end=\"4515\"><span style=\"font-size: 20px;\">7. Cookies<\/span><\/h2><p data-start=\"4516\" data-end=\"4777\">Wir verwenden Cookies und \u00e4hnliche Technologien, um die ordnungsgem\u00e4\u00dfe Funktionalit\u00e4t der Website sicherzustellen, zu statistischen Zwecken und f\u00fcr Marketing. Vollst\u00e4ndige Details sowie Optionen zur Verwaltung Ihrer Einstellungen finden Sie in unserer <a href=\"https:\/\/oneclickmetal.com\/de\/cookie-richtlinie\/\">Cookie-Richtlinie.<\/a> <\/p><hr data-start=\"4779\" data-end=\"4782\"><h2 data-start=\"4784\" data-end=\"4820\"><span style=\"font-size: 20px;\">8. \u00c4nderungen dieser Datenschutzerkl\u00e4rung<\/span><\/h2><p data-start=\"4821\" data-end=\"5016\">Wir k\u00f6nnen diese Datenschutzerkl\u00e4rung von Zeit zu Zeit aktualisieren, um \u00c4nderungen gesetzlicher Anforderungen, der Technologie oder unserer Gesch\u00e4ftst\u00e4tigkeit zu ber\u00fccksichtigen. Die jeweils aktuelle Version wird stets auf unserer Website ver\u00f6ffentlicht. <\/p><hr data-start=\"5018\" data-end=\"5021\"><p data-start=\"5023\" data-end=\"5245\"> <\/p><p data-start=\"5023\" data-end=\"5245\"> <\/p><p data-start=\"5023\" data-end=\"5245\">Verantwortliche Stelle (Verantwortlicher im Sinne der DSGVO):<br data-start=\"5073\" data-end=\"5076\">One Click Metal GmbH<br data-start=\"5096\" data-end=\"5099\">Carl-Benz-Str. 2<br data-start=\"5114\" data-end=\"5117\">71732 Tamm<br data-start=\"5127\" data-end=\"5130\">Deutschland<br data-start=\"5137\" data-end=\"5140\">E-Mail: <a class=\"decorated-link cursor-pointer\" rel=\"noopener\" data-start=\"5147\" data-end=\"5169\">info@oneclickmetal.com<\/a><br data-start=\"5169\" data-end=\"5172\">Website: <a class=\"decorated-link\" href=\"https:\/\/oneclickmetal.com\/de\/\" target=\"_new\" rel=\"noopener\" data-start=\"5181\" data-end=\"5243\">https:\/\/dev.oneclickmetal.com<\/a><\/p>\t\t\t\t\t\t\t\t<\/div>\n\t\t\t\t<\/div>\n\t\t\t\t\t<\/div>\n\t\t\t\t<\/div>\n\t\t\t\t<\/div>\n\t\t","protected":false},"excerpt":{"rendered":"<p>Datenschutzerkl\u00e4rung Zuletzt aktualisiert: 25. September 2025 Wir von One Click Metal GmbH, Carl-Benz-Str. 2, 71732 Tamm, Deutschland (nachfolgend \u201ewir\u201c, \u201euns\u201c, \u201eunser\u201c), respektieren Ihre Privatsph\u00e4re und verpflichten uns, Ihre personenbezogenen Daten zu sch\u00fctzen. Diese Datenschutzerkl\u00e4rung erl\u00e4utert, welche personenbezogenen Daten wir erheben, wie wir sie verwenden und welche Rechte Sie nach der Datenschutz-Grundverordnung (DSGVO) und den anwendbaren [&hellip;]<\/p>\n","protected":false},"author":2,"featured_media":0,"parent":0,"menu_order":0,"comment_status":"closed","ping_status":"closed","template":"","meta":{"site-sidebar-layout":"no-sidebar","site-content-layout":"page-builder","ast-site-content-layout":"full-width-container","site-content-style":"default","site-sidebar-style":"default","ast-global-header-display":"","ast-banner-title-visibility":"","ast-main-header-display":"","ast-hfb-above-header-display":"","ast-hfb-below-header-display":"","ast-hfb-mobile-header-display":"","site-post-title":"disabled","ast-breadcrumbs-content":"","ast-featured-img":"disabled","footer-sml-layout":"","theme-transparent-header-meta":"","adv-header-id-meta":"","stick-header-meta":"","header-above-stick-meta":"","header-main-stick-meta":"","header-below-stick-meta":"","astra-migrate-meta-layouts":"default","ast-page-background-enabled":"default","ast-page-background-meta":{"desktop":{"background-color":"","background-image":"","background-repeat":"repeat","background-position":"center center","background-size":"auto","background-attachment":"scroll","background-type":"","background-media":"","overlay-type":"","overlay-color":"","overlay-opacity":"","overlay-gradient":""},"tablet":{"background-color":"","background-image":"","background-repeat":"repeat","background-position":"center center","background-size":"auto","background-attachment":"scroll","background-type":"","background-media":"","overlay-type":"","overlay-color":"","overlay-opacity":"","overlay-gradient":""},"mobile":{"background-color":"","background-image":"","background-repeat":"repeat","background-position":"center center","background-size":"auto","background-attachment":"scroll","background-type":"","background-media":"","overlay-type":"","overlay-color":"","overlay-opacity":"","overlay-gradient":""}},"ast-content-background-meta":{"desktop":{"background-color":"var(--ast-global-color-5)","background-image":"","background-repeat":"repeat","background-position":"center center","background-size":"auto","background-attachment":"scroll","background-type":"","background-media":"","overlay-type":"","overlay-color":"","overlay-opacity":"","overlay-gradient":""},"tablet":{"background-color":"var(--ast-global-color-5)","background-image":"","background-repeat":"repeat","background-position":"center center","background-size":"auto","background-attachment":"scroll","background-type":"","background-media":"","overlay-type":"","overlay-color":"","overlay-opacity":"","overlay-gradient":""},"mobile":{"background-color":"var(--ast-global-color-5)","background-image":"","background-repeat":"repeat","background-position":"center center","background-size":"auto","background-attachment":"scroll","background-type":"","background-media":"","overlay-type":"","overlay-color":"","overlay-opacity":"","overlay-gradient":""}},"footnotes":""},"class_list":["post-6184","page","type-page","status-publish","hentry"],"_links":{"self":[{"href":"https:\/\/oneclickmetal.com\/de\/wp-json\/wp\/v2\/pages\/6184","targetHints":{"allow":["GET"]}}],"collection":[{"href":"https:\/\/oneclickmetal.com\/de\/wp-json\/wp\/v2\/pages"}],"about":[{"href":"https:\/\/oneclickmetal.com\/de\/wp-json\/wp\/v2\/types\/page"}],"author":[{"embeddable":true,"href":"https:\/\/oneclickmetal.com\/de\/wp-json\/wp\/v2\/users\/2"}],"replies":[{"embeddable":true,"href":"https:\/\/oneclickmetal.com\/de\/wp-json\/wp\/v2\/comments?post=6184"}],"version-history":[{"count":6,"href":"https:\/\/oneclickmetal.com\/de\/wp-json\/wp\/v2\/pages\/6184\/revisions"}],"predecessor-version":[{"id":6192,"href":"https:\/\/oneclickmetal.com\/de\/wp-json\/wp\/v2\/pages\/6184\/revisions\/6192"}],"wp:attachment":[{"href":"https:\/\/oneclickmetal.com\/de\/wp-json\/wp\/v2\/media?parent=6184"}],"curies":[{"name":"wp","href":"https:\/\/api.w.org\/{rel}","templated":true}]}}